{"id":5918,"date":"2025-10-23T08:52:01","date_gmt":"2025-10-23T11:52:01","guid":{"rendered":"https:\/\/hashtagtv.com.br\/?page_id=5918"},"modified":"2025-10-27T09:53:38","modified_gmt":"2025-10-27T12:53:38","slug":"led","status":"publish","type":"page","link":"https:\/\/hashtagtv.com.br\/?page_id=5918","title":{"rendered":"led"},"content":{"rendered":"<p>[vc_row full_width=&#8221;stretch_row&#8221; foundry_padding=&#8221;pb0&#8243; css=&#8221;.vc_custom_1761250639326{margin-bottom: -20px !important;background-color: #ffffff !important;}&#8221; el_class=&#8221;linha-topo&#8221;][vc_column offset=&#8221;vc_col-lg-offset-0 vc_col-md-offset-0 vc_col-sm-offset-0&#8243; css=&#8221;.vc_custom_1761254871553{margin-top: 50px !important;}&#8221;]\n\t\t\t<section class=\"image-square left\">\n\t\t\t    <div class=\"col-md-6 image\">\n\t\t\t        <div class=\"background-image-holder\">\n\t\t\t            <img width=\"1080\" height=\"1080\" src=\"https:\/\/hashtagtv.com.br\/wp-content\/uploads\/2025\/10\/led-rom_concept-01.jpg\" class=\"background-image\" alt=\"\" decoding=\"async\" loading=\"lazy\" srcset=\"https:\/\/hashtagtv.com.br\/wp-content\/uploads\/2025\/10\/led-rom_concept-01.jpg 1080w, https:\/\/hashtagtv.com.br\/wp-content\/uploads\/2025\/10\/led-rom_concept-01-300x300.jpg 300w, https:\/\/hashtagtv.com.br\/wp-content\/uploads\/2025\/10\/led-rom_concept-01-1024x1024.jpg 1024w, https:\/\/hashtagtv.com.br\/wp-content\/uploads\/2025\/10\/led-rom_concept-01-150x150.jpg 150w, https:\/\/hashtagtv.com.br\/wp-content\/uploads\/2025\/10\/led-rom_concept-01-768x768.jpg 768w, https:\/\/hashtagtv.com.br\/wp-content\/uploads\/2025\/10\/led-rom_concept-01-60x60.jpg 60w, https:\/\/hashtagtv.com.br\/wp-content\/uploads\/2025\/10\/led-rom_concept-01-500x500.jpg 500w\" sizes=\"(max-width: 1080px) 100vw, 1080px\" \/>\n\t\t\t        <\/div>\n\t\t\t    <\/div>\n\t\t\t    <div class=\"col-md-6 col-md-offset-1 content\">\n\t\t\t        [vc_column_text css=&#8221;.vc_custom_1761254851285{margin-top: 20px !important;}&#8221;]<\/p>\n<h2 class=\"large mb40 mb-xs-16\">LED: <span style=\"color: #ff6600;\"><strong>INOVA\u00c7\u00c3O<\/strong><\/span> E <span style=\"color: #ff6600;\"><strong>IMPACTO<\/strong><\/span> EM CADA <span style=\"color: #ff6600;\"><strong>MENSAGEM<\/strong><\/span><\/h2>\n<h5 class=\"large mb40 mb-xs-16\"><span style=\"color: #808080;\">Os pain\u00e9is de LED se tornaram uma das ferramentas mais eficazes para modernizar a comunica\u00e7\u00e3o corporativa. Al\u00e9m de transmitir informa\u00e7\u00f5es de forma clara e atrativa, eles fortalecem a presen\u00e7a da marca e criam experi\u00eancias visuais que prendem a aten\u00e7\u00e3o do p\u00fablico.<\/span><\/h5>\n<h5><span style=\"color: #808080;\">Elaboramos projetos para todos os segmentos. Composta por especialistas certificados e experientes, nossa equipe t\u00e9cnica oferece suporte completo e solu\u00e7\u00f5es personalizadas que unem tecnologia, efici\u00eancia e confian\u00e7a, garantindo o melhor desempenho e satisfa\u00e7\u00e3o dos nossos clientes.<\/span><\/h5>\n<p>[\/vc_column_text]\n\t\t\t    <\/div>\n\t\t\t<\/section>\n\t\t[\/vc_column][\/vc_row][vc_row full_width=&#8221;stretch_row_content_no_spaces&#8221; foundry_padding=&#8221;pt0 pb0&#8243; css=&#8221;.vc_custom_1761251960785{background-color: #f8f8f8 !important;}&#8221;][vc_column width=&#8221;1\/2&#8243;]<section class=\"page-title page-title-1 \">\n\t\t\t\t<div class=\"container\">\n\t\t\t\t    <div class=\"row\">\n\t\t\t\t        <div class=\"col-sm-12 text-center\">\n\t\t\t\t        \t<h2 class=\"uppercase mb8\"> POR QUE INVESTIR EM PAIN\u00c9IS DE LED?<\/h2>\n\t\t\t\t        \t<p class=\"lead mb0\">Investir em tecnologia de LED \u00e9 investir na forma como sua marca se conecta com o p\u00fablico. Sua empresa pode atualizar conte\u00fados em tempo real, seja para campanhas promocionais, informativos internos, lan\u00e7amentos ou mensagens institucionais.<\/p>\n\t\t\t\t        <\/div>\n\t\t\t\t    <\/div>\n\t\t\t\t<\/div>\n\t\t\t\t<ol class=\"breadcrumb breadcrumb-2\"><li><a href=\"https:\/\/hashtagtv.com.br\/\" class=\"home-link\" rel=\"home\">Home<\/a><\/li><li class=\"active\">led<\/li><\/ol>\n\t\t\t<\/section>\n\t\t[\/vc_column][vc_column width=&#8221;1\/2&#8243; css=&#8221;.vc_custom_1761254065053{margin-top: 30px !important;}&#8221;][vc_single_image image=&#8221;5996&#8243; img_size=&#8221;400&#215;400&#8243; alignment=&#8221;center&#8221; style=&#8221;vc_box_circle_2&#8243;][\/vc_column][\/vc_row][vc_row full_width=&#8221;stretch_row_content_no_spaces&#8221; foundry_padding=&#8221;pt0 pb0&#8243; css=&#8221;.vc_custom_1761253957278{background-color: #ffffff !important;}&#8221;][vc_column css=&#8221;.vc_custom_1761251971873{margin-top: -50px !important;margin-bottom: -50px !important;}&#8221;]<section class=\"page-title page-title-3 \">\n\t\t\t\t<div class=\"container\">\n\t\t\t\t    <div class=\"row\">\n\t\t\t\t    \n\t\t\t\t        <div class=\"col-sm-12 text-center\">\n\t\t\t\t            <h3 class=\"uppercase mb0\">\n\t\t\t\t            \t CASES DE SUCESSO\n\t\t\t\t            <\/h3>\n\t\t\t\t        <\/div>\n\t\t\t\t    <\/div>\n\t\t\t\t<\/div>\n\t\t\t\t<ol class=\"breadcrumb breadcrumb-2\"><li><a href=\"https:\/\/hashtagtv.com.br\/\" class=\"home-link\" rel=\"home\">Home<\/a><\/li><li class=\"active\">led<\/li><\/ol>\n\t\t\t<\/section>\n\t\t[\/vc_column][\/vc_row][vc_row full_width=&#8221;stretch_row_content&#8221; foundry_padding=&#8221;pt0&#8243; el_class=&#8221;secao-passo-a-passo&#8221; css=&#8221;.vc_custom_1761254738467{margin-bottom: -50px !important;}&#8221;][vc_column width=&#8221;1\/3&#8243; css=&#8221;.vc_custom_1761251753882{margin-top: 20px !important;}&#8221;]\n\t\t\t<div class=\"feature feature-1\">\n\t\t\t\t\n\t\t\t    <div class=\"text-center\">\n\t\t\t        <i class=\"none icon\"><\/i>\n\t\t\t        <h5 class=\"uppercase\"><\/h5>\n\t\t\t    <\/div>\n<p style=\"text-align: center;\"><img decoding=\"async\" loading=\"lazy\" class=\"aligncenter wp-image-5999\" src=\"https:\/\/hashtagtv.com.br\/wp-content\/uploads\/2025\/10\/led-rom_concept_h-01-300x169.jpg\" alt=\"\" width=\"600\" height=\"337\" srcset=\"https:\/\/hashtagtv.com.br\/wp-content\/uploads\/2025\/10\/led-rom_concept_h-01-300x169.jpg 300w, https:\/\/hashtagtv.com.br\/wp-content\/uploads\/2025\/10\/led-rom_concept_h-01-1024x576.jpg 1024w, https:\/\/hashtagtv.com.br\/wp-content\/uploads\/2025\/10\/led-rom_concept_h-01-768x432.jpg 768w, https:\/\/hashtagtv.com.br\/wp-content\/uploads\/2025\/10\/led-rom_concept_h-01-1536x864.jpg 1536w, https:\/\/hashtagtv.com.br\/wp-content\/uploads\/2025\/10\/led-rom_concept_h-01.jpg 2025w\" sizes=\"(max-width: 600px) 100vw, 600px\" \/><\/p>\n<h5 style=\"text-align: center;\">Led Vertical Sal\u00e3o Rom. Concept<\/h5>\n<p>\n\n\t\t\t    \n\t\t\t<\/div>\n\t\t\n\t\t\t<div class=\"feature feature-1\">\n\t\t\t\t\n\t\t\t    <div class=\"text-center\">\n\t\t\t        <i class=\"none icon\"><\/i>\n\t\t\t        <h5 class=\"uppercase\"><\/h5>\n\t\t\t    <\/div>\n<p style=\"text-align: center;\"><img decoding=\"async\" loading=\"lazy\" class=\"aligncenter wp-image-5994\" src=\"https:\/\/hashtagtv.com.br\/wp-content\/uploads\/2025\/10\/led-ata_academia_h-01-300x169.jpg\" alt=\"\" width=\"600\" height=\"337\" srcset=\"https:\/\/hashtagtv.com.br\/wp-content\/uploads\/2025\/10\/led-ata_academia_h-01-300x169.jpg 300w, https:\/\/hashtagtv.com.br\/wp-content\/uploads\/2025\/10\/led-ata_academia_h-01-1024x576.jpg 1024w, https:\/\/hashtagtv.com.br\/wp-content\/uploads\/2025\/10\/led-ata_academia_h-01-768x432.jpg 768w, https:\/\/hashtagtv.com.br\/wp-content\/uploads\/2025\/10\/led-ata_academia_h-01-1536x864.jpg 1536w, https:\/\/hashtagtv.com.br\/wp-content\/uploads\/2025\/10\/led-ata_academia_h-01.jpg 2025w\" sizes=\"(max-width: 600px) 100vw, 600px\" \/><\/p>\n<h5 style=\"text-align: center;\">Led Academia ATA<\/h5>\n<p>\n\n\t\t\t    \n\t\t\t<\/div>\n\t\t\n\t\t\t<div class=\"feature feature-1\">\n\t\t\t\t\n\t\t\t    <div class=\"text-center\">\n\t\t\t        <i class=\"none icon\"><\/i>\n\t\t\t        <h5 class=\"uppercase\"><\/h5>\n\t\t\t    <\/div>\n<p style=\"text-align: center;\"><img decoding=\"async\" loading=\"lazy\" class=\"alignnone wp-image-6214\" src=\"https:\/\/hashtagtv.com.br\/wp-content\/uploads\/2025\/10\/led-state-300x169.jpg\" alt=\"\" width=\"600\" height=\"337\" srcset=\"https:\/\/hashtagtv.com.br\/wp-content\/uploads\/2025\/10\/led-state-300x169.jpg 300w, https:\/\/hashtagtv.com.br\/wp-content\/uploads\/2025\/10\/led-state-1024x576.jpg 1024w, https:\/\/hashtagtv.com.br\/wp-content\/uploads\/2025\/10\/led-state-768x432.jpg 768w, https:\/\/hashtagtv.com.br\/wp-content\/uploads\/2025\/10\/led-state-1536x864.jpg 1536w, https:\/\/hashtagtv.com.br\/wp-content\/uploads\/2025\/10\/led-state.jpg 2025w\" sizes=\"(max-width: 600px) 100vw, 600px\" \/><\/p>\n<h5 style=\"text-align: center;\">Led State Innovation<\/h5>\n<p>\n\n\t\t\t    \n\t\t\t<\/div>\n\t\t[\/vc_column][vc_column width=&#8221;1\/3&#8243; css=&#8221;.vc_custom_1761251758463{margin-top: 20px !important;}&#8221;]\n\t\t\t<div class=\"feature feature-1\">\n\t\t\t\t\n\t\t\t    <div class=\"text-center\">\n\t\t\t        <i class=\"none icon\"><\/i>\n\t\t\t        <h5 class=\"uppercase\"><\/h5>\n\t\t\t    <\/div>\n<p style=\"text-align: center;\"><img decoding=\"async\" loading=\"lazy\" class=\"aligncenter wp-image-5996\" src=\"https:\/\/hashtagtv.com.br\/wp-content\/uploads\/2025\/10\/led-byd_h-01-300x169.jpg\" alt=\"\" width=\"600\" height=\"337\" srcset=\"https:\/\/hashtagtv.com.br\/wp-content\/uploads\/2025\/10\/led-byd_h-01-300x169.jpg 300w, https:\/\/hashtagtv.com.br\/wp-content\/uploads\/2025\/10\/led-byd_h-01-1024x576.jpg 1024w, https:\/\/hashtagtv.com.br\/wp-content\/uploads\/2025\/10\/led-byd_h-01-768x432.jpg 768w, https:\/\/hashtagtv.com.br\/wp-content\/uploads\/2025\/10\/led-byd_h-01-1536x864.jpg 1536w, https:\/\/hashtagtv.com.br\/wp-content\/uploads\/2025\/10\/led-byd_h-01.jpg 2025w\" sizes=\"(max-width: 600px) 100vw, 600px\" \/><\/p>\n<h5 style=\"text-align: center;\">Concession\u00e1ria Dahruj &#8211; BYD<\/h5>\n<p>\n\n\t\t\t    \n\t\t\t<\/div>\n\t\t\n\t\t\t<div class=\"feature feature-1\">\n\t\t\t\t\n\t\t\t    <div class=\"text-center\">\n\t\t\t        <i class=\"none icon\"><\/i>\n\t\t\t        <h5 class=\"uppercase\"><\/h5>\n\t\t\t    <\/div>\n<p style=\"text-align: center;\"><img decoding=\"async\" loading=\"lazy\" class=\"aligncenter wp-image-5997\" src=\"https:\/\/hashtagtv.com.br\/wp-content\/uploads\/2025\/10\/led-rom_concept_h-03-300x169.jpg\" alt=\"\" width=\"600\" height=\"337\" srcset=\"https:\/\/hashtagtv.com.br\/wp-content\/uploads\/2025\/10\/led-rom_concept_h-03-300x169.jpg 300w, https:\/\/hashtagtv.com.br\/wp-content\/uploads\/2025\/10\/led-rom_concept_h-03-1024x576.jpg 1024w, https:\/\/hashtagtv.com.br\/wp-content\/uploads\/2025\/10\/led-rom_concept_h-03-768x432.jpg 768w, https:\/\/hashtagtv.com.br\/wp-content\/uploads\/2025\/10\/led-rom_concept_h-03-1536x864.jpg 1536w, https:\/\/hashtagtv.com.br\/wp-content\/uploads\/2025\/10\/led-rom_concept_h-03.jpg 2025w\" sizes=\"(max-width: 600px) 100vw, 600px\" \/><\/p>\n<h5 style=\"text-align: center;\">1\u00ba Led Redondo do Brasil &#8211; Rom.Concept<\/h5>\n<p>\n\n\t\t\t    \n\t\t\t<\/div>\n\t\t\n\t\t\t<div class=\"feature feature-1\">\n\t\t\t\t\n\t\t\t    <div class=\"text-center\">\n\t\t\t        <i class=\"none icon\"><\/i>\n\t\t\t        <h5 class=\"uppercase\"><\/h5>\n\t\t\t    <\/div>\n<p style=\"text-align: center;\"><img decoding=\"async\" loading=\"lazy\" class=\"alignnone wp-image-6213\" src=\"https:\/\/hashtagtv.com.br\/wp-content\/uploads\/2025\/10\/led-zak_outlet_catarina-300x169.jpg\" alt=\"\" width=\"600\" height=\"337\" srcset=\"https:\/\/hashtagtv.com.br\/wp-content\/uploads\/2025\/10\/led-zak_outlet_catarina-300x169.jpg 300w, https:\/\/hashtagtv.com.br\/wp-content\/uploads\/2025\/10\/led-zak_outlet_catarina-1024x576.jpg 1024w, https:\/\/hashtagtv.com.br\/wp-content\/uploads\/2025\/10\/led-zak_outlet_catarina-768x432.jpg 768w, https:\/\/hashtagtv.com.br\/wp-content\/uploads\/2025\/10\/led-zak_outlet_catarina-1536x864.jpg 1536w, https:\/\/hashtagtv.com.br\/wp-content\/uploads\/2025\/10\/led-zak_outlet_catarina.jpg 2025w\" sizes=\"(max-width: 600px) 100vw, 600px\" \/><\/p>\n<h5 style=\"text-align: center;\">Led Loja Zak Catarina Outlet<\/h5>\n<p>\n\n\t\t\t    \n\t\t\t<\/div>\n\t\t[\/vc_column][vc_column width=&#8221;1\/3&#8243; css=&#8221;.vc_custom_1761251764392{margin-top: 20px !important;}&#8221;]\n\t\t\t<div class=\"feature feature-1\">\n\t\t\t\t\n\t\t\t    <div class=\"text-center\">\n\t\t\t        <i class=\"none icon\"><\/i>\n\t\t\t        <h5 class=\"uppercase\"><\/h5>\n\t\t\t    <\/div>\n<p style=\"text-align: center;\"><img decoding=\"async\" loading=\"lazy\" class=\"aligncenter wp-image-5995\" src=\"https:\/\/hashtagtv.com.br\/wp-content\/uploads\/2025\/10\/led-casa_do_artista_h-01-300x169.jpg\" alt=\"\" width=\"600\" height=\"337\" srcset=\"https:\/\/hashtagtv.com.br\/wp-content\/uploads\/2025\/10\/led-casa_do_artista_h-01-300x169.jpg 300w, https:\/\/hashtagtv.com.br\/wp-content\/uploads\/2025\/10\/led-casa_do_artista_h-01-1024x576.jpg 1024w, https:\/\/hashtagtv.com.br\/wp-content\/uploads\/2025\/10\/led-casa_do_artista_h-01-768x432.jpg 768w, https:\/\/hashtagtv.com.br\/wp-content\/uploads\/2025\/10\/led-casa_do_artista_h-01-1536x864.jpg 1536w, https:\/\/hashtagtv.com.br\/wp-content\/uploads\/2025\/10\/led-casa_do_artista_h-01.jpg 2025w\" sizes=\"(max-width: 600px) 100vw, 600px\" \/><\/p>\n<h5 style=\"text-align: center;\">Led Externo Casa do Artista<\/h5>\n<p>\n\n\t\t\t    \n\t\t\t<\/div>\n\t\t\n\t\t\t<div class=\"feature feature-1\">\n\t\t\t\t\n\t\t\t    <div class=\"text-center\">\n\t\t\t        <i class=\"none icon\"><\/i>\n\t\t\t        <h5 class=\"uppercase\"><\/h5>\n\t\t\t    <\/div>\n<p style=\"text-align: center;\"><img decoding=\"async\" loading=\"lazy\" class=\"aligncenter wp-image-6001\" src=\"https:\/\/hashtagtv.com.br\/wp-content\/uploads\/2025\/10\/led-yamaha_h-01-300x169.jpg\" alt=\"\" width=\"600\" height=\"337\" srcset=\"https:\/\/hashtagtv.com.br\/wp-content\/uploads\/2025\/10\/led-yamaha_h-01-300x169.jpg 300w, https:\/\/hashtagtv.com.br\/wp-content\/uploads\/2025\/10\/led-yamaha_h-01-1024x576.jpg 1024w, https:\/\/hashtagtv.com.br\/wp-content\/uploads\/2025\/10\/led-yamaha_h-01-768x432.jpg 768w, https:\/\/hashtagtv.com.br\/wp-content\/uploads\/2025\/10\/led-yamaha_h-01-1536x864.jpg 1536w, https:\/\/hashtagtv.com.br\/wp-content\/uploads\/2025\/10\/led-yamaha_h-01.jpg 2025w\" sizes=\"(max-width: 600px) 100vw, 600px\" \/><\/p>\n<h5 style=\"text-align: center;\">Led Fachada Yamaha<\/h5>\n<p>\n\n\t\t\t    \n\t\t\t<\/div>\n\t\t\n\t\t\t<div class=\"feature feature-1\">\n\t\t\t\t\n\t\t\t    <div class=\"text-center\">\n\t\t\t        <i class=\"none icon\"><\/i>\n\t\t\t        <h5 class=\"uppercase\"><\/h5>\n\t\t\t    <\/div>\n<p style=\"text-align: center;\"><img decoding=\"async\" loading=\"lazy\" class=\"alignnone wp-image-6215\" src=\"https:\/\/hashtagtv.com.br\/wp-content\/uploads\/2025\/10\/led-uniao-300x169.jpg\" alt=\"\" width=\"600\" height=\"337\" srcset=\"https:\/\/hashtagtv.com.br\/wp-content\/uploads\/2025\/10\/led-uniao-300x169.jpg 300w, https:\/\/hashtagtv.com.br\/wp-content\/uploads\/2025\/10\/led-uniao-1024x576.jpg 1024w, https:\/\/hashtagtv.com.br\/wp-content\/uploads\/2025\/10\/led-uniao-768x432.jpg 768w, https:\/\/hashtagtv.com.br\/wp-content\/uploads\/2025\/10\/led-uniao-1536x864.jpg 1536w, https:\/\/hashtagtv.com.br\/wp-content\/uploads\/2025\/10\/led-uniao.jpg 2025w\" sizes=\"(max-width: 600px) 100vw, 600px\" \/><\/p>\n<h5 style=\"text-align: center;\">Supermercado Uni\u00e3o<\/h5>\n<p>\n\n\t\t\t    \n\t\t\t<\/div>\n\t\t[\/vc_column][\/vc_row][vc_row full_width=&#8221;stretch_row&#8221; css=&#8221;.vc_custom_1761254794332{margin-top: -100px !important;background-color: #f8f8f8 !important;}&#8221;][vc_column css=&#8221;.vc_custom_1761254770988{margin-top: -50px !important;margin-bottom: -50px !important;}&#8221;]<section class=\"page-title page-title-1 \">\n\t\t\t\t<div class=\"container\">\n\t\t\t\t    <div class=\"row\">\n\t\t\t\t        <div class=\"col-sm-12 text-center\">\n\t\t\t\t        \t<h2 class=\"uppercase mb8\"> VISIBILIDADE E IMPACTO VISUAL<\/h2>\n\t\t\t\t        \t<p class=\"lead mb0\">O brilho e a defini\u00e7\u00e3o das telas LED garantem uma presen\u00e7a marcante, mesmo em ambientes muito iluminados. \u00c9 uma tecnologia que transforma fachadas, recep\u00e7\u00f5es e \u00e1reas de alto fluxo em pontos de destaque para a sua marca.<\/p>\n\t\t\t\t        <\/div>\n\t\t\t\t    <\/div>\n\t\t\t\t<\/div>\n\t\t\t\t<ol class=\"breadcrumb breadcrumb-2\"><li><a href=\"https:\/\/hashtagtv.com.br\/\" class=\"home-link\" rel=\"home\">Home<\/a><\/li><li class=\"active\">led<\/li><\/ol>\n\t\t\t<\/section>\n\t\t[\/vc_column][\/vc_row][vc_row full_width=&#8221;stretch_row_content_no_spaces&#8221; foundry_padding=&#8221;pt0 pb0&#8243; css=&#8221;.vc_custom_1761256593598{background-color: #ffffff !important;}&#8221;][vc_column width=&#8221;1\/2&#8243; css=&#8221;.vc_custom_1761258160066{margin-top: 30px !important;}&#8221; offset=&#8221;vc_hidden-xs&#8221;][vc_single_image image=&#8221;1982&#8243; img_size=&#8221;400&#215;400&#8243; alignment=&#8221;center&#8221; style=&#8221;vc_box_shadow_3d&#8221;][\/vc_column][vc_column width=&#8221;1\/2&#8243; offset=&#8221;vc_hidden-xs&#8221;][vc_column_text css=&#8221;.vc_custom_1761257483629{margin-top: 100px !important;}&#8221;]<\/p>\n<h3>TRAGA O SEU PROJETO<\/h3>\n<h5>Modernize sua estrutura, fortale\u00e7a sua identidade visual e comunique-se de maneira mais inteligente e envolvente.<\/h5>\n<p><a class=\"btn btn-lg\" href=\"?page_id=1163\">SOLICITE UM OR\u00c7AMENTO<\/a>[\/vc_column_text][\/vc_column][\/vc_row][vc_row full_width=&#8221;stretch_row_content_no_spaces&#8221; foundry_padding=&#8221;pt0 pb0&#8243; css=&#8221;.vc_custom_1761256593598{background-color: #ffffff !important;}&#8221;][vc_column width=&#8221;1\/2&#8243; css=&#8221;.vc_custom_1761258211842{margin-top: 30px !important;}&#8221; offset=&#8221;vc_hidden-lg vc_hidden-md vc_hidden-sm&#8221;][vc_single_image image=&#8221;1982&#8243; img_size=&#8221;400&#215;400&#8243; alignment=&#8221;center&#8221; style=&#8221;vc_box_shadow_3d&#8221;][\/vc_column][vc_column width=&#8221;1\/2&#8243; offset=&#8221;vc_hidden-lg vc_hidden-md vc_hidden-sm&#8221;][vc_column_text]<\/p>\n<h3 style=\"text-align: center;\">TRAGA O SEU PROJETO<\/h3>\n<h5 style=\"text-align: center;\">Modernize sua estrutura, fortale\u00e7a sua identidade visual e comunique-se de maneira mais inteligente e envolvente.<\/h5>\n<p style=\"text-align: center;\"><a class=\"btn btn-lg\" href=\"?page_id=1163\">SOLICITE UM OR\u00c7AMENTO<\/a><\/p>\n<p>[\/vc_column_text][\/vc_column][\/vc_row]<\/p>\n","protected":false},"excerpt":{"rendered":"<p>[vc_row full_width=&#8221;stretch_row&#8221; foundry_padding=&#8221;pb0&#8243; css=&#8221;.vc_custom_1761250639326{margin-bottom: -20px !important;background-color: #ffffff !important;}&#8221; el_class=&#8221;linha-topo&#8221;][vc_column offset=&#8221;vc_col-lg-offset-0 vc_col-md-offset-0 vc_col-sm-offset-0&#8243; css=&#8221;.vc_custom_1761254871553{margin-top: 50px !important;}&#8221;][\/vc_column][\/vc_row][vc_row full_width=&#8221;stretch_row_content_no_spaces&#8221; foundry_padding=&#8221;pt0 pb0&#8243; css=&#8221;.vc_custom_1761251960785{background-color: #f8f8f8 !important;}&#8221;][vc_column&#8230;<\/p>\n","protected":false},"author":2,"featured_media":0,"parent":0,"menu_order":0,"comment_status":"closed","ping_status":"closed","template":"","meta":[],"_links":{"self":[{"href":"https:\/\/hashtagtv.com.br\/index.php?rest_route=\/wp\/v2\/pages\/5918"}],"collection":[{"href":"https:\/\/hashtagtv.com.br\/index.php?rest_route=\/wp\/v2\/pages"}],"about":[{"href":"https:\/\/hashtagtv.com.br\/index.php?rest_route=\/wp\/v2\/types\/page"}],"author":[{"embeddable":true,"href":"https:\/\/hashtagtv.com.br\/index.php?rest_route=\/wp\/v2\/users\/2"}],"replies":[{"embeddable":true,"href":"https:\/\/hashtagtv.com.br\/index.php?rest_route=%2Fwp%2Fv2%2Fcomments&post=5918"}],"version-history":[{"count":281,"href":"https:\/\/hashtagtv.com.br\/index.php?rest_route=\/wp\/v2\/pages\/5918\/revisions"}],"predecessor-version":[{"id":6218,"href":"https:\/\/hashtagtv.com.br\/index.php?rest_route=\/wp\/v2\/pages\/5918\/revisions\/6218"}],"wp:attachment":[{"href":"https:\/\/hashtagtv.com.br\/index.php?rest_route=%2Fwp%2Fv2%2Fmedia&parent=5918"}],"curies":[{"name":"wp","href":"https:\/\/api.w.org\/{rel}","templated":true}]}}