{"id":241,"date":"2015-07-01T14:38:06","date_gmt":"2015-07-01T13:38:06","guid":{"rendered":"http:\/\/tommusrhodus.wpengine.com\/?page_id=241"},"modified":"2023-09-08T16:30:16","modified_gmt":"2023-09-08T19:30:16","slug":"funcionalidades","status":"publish","type":"page","link":"https:\/\/hashtagtv.com.br\/?page_id=241","title":{"rendered":"Funcionalidades"},"content":{"rendered":"<p>[vc_row][vc_column][vc_column_text]<\/p>\n<h3 class=\"fonte-laranja\" style=\"text-align: center;\">CADASTRE-SE<\/h3>\n<p class=\"fonte-branca lead\" style=\"text-align: center;\">Voc\u00ea est\u00e1 pronto para impulsionar os seus neg\u00f3cios? Nossa tecnologia \u00e9 feita para atender aos interesses de sua empresa. Basta um clique para come\u00e7ar. Vamos l\u00e1!<\/p>\n<p><img decoding=\"async\" loading=\"lazy\" class=\"wp-image-1833 size-full aligncenter\" style=\"margin-top: 0.857143rem; margin-bottom: 0.857143rem;\" src=\"http:\/\/systemmaster.com.br\/hashtagtv\/wp-content\/uploads\/2019\/07\/hashtag-tv-comofunciona-1.png\" alt=\"\" width=\"504\" height=\"182\" srcset=\"https:\/\/hashtagtv.com.br\/wp-content\/uploads\/2019\/07\/hashtag-tv-comofunciona-1.png 504w, https:\/\/hashtagtv.com.br\/wp-content\/uploads\/2019\/07\/hashtag-tv-comofunciona-1-300x108.png 300w, https:\/\/hashtagtv.com.br\/wp-content\/uploads\/2019\/07\/hashtag-tv-comofunciona-1-500x182.png 500w\" sizes=\"(max-width: 504px) 100vw, 504px\" \/><\/p>\n<h3 class=\"fonte-laranja\" style=\"text-align: center;\">CONECTE SUA TV NO HASHTAG PLAYER<\/h3>\n<p class=\"fonte-branca lead\" style=\"text-align: center;\">Implementar o Hashtag Player \u00e9 muito simples e f\u00e1cil. Temos uma tecnologia plug and play. S\u00f3 \u00e9 preciso conectar na entrada HDMI, ligar na tomada e conectar na internet.<\/p>\n<p><img decoding=\"async\" loading=\"lazy\" class=\"wp-image-1835 size-full aligncenter\" src=\"http:\/\/systemmaster.com.br\/hashtagtv\/wp-content\/uploads\/2019\/07\/hashtag-tv-comofunciona-2.png\" alt=\"\" width=\"504\" height=\"182\" srcset=\"https:\/\/hashtagtv.com.br\/wp-content\/uploads\/2019\/07\/hashtag-tv-comofunciona-2.png 504w, https:\/\/hashtagtv.com.br\/wp-content\/uploads\/2019\/07\/hashtag-tv-comofunciona-2-300x108.png 300w, https:\/\/hashtagtv.com.br\/wp-content\/uploads\/2019\/07\/hashtag-tv-comofunciona-2-500x182.png 500w\" sizes=\"(max-width: 504px) 100vw, 504px\" \/><\/p>\n<h3 class=\"fonte-laranja\" style=\"text-align: center;\">CUSTOMIZE E GERENCIE<\/h3>\n<p class=\"fonte-branca lead\" style=\"text-align: center;\">Use o gerenciador Hashtag TV para administrar seu conte\u00fado e seu canal: mude cores, adicione feeds de m\u00eddia social, customize aplicativos, gr\u00e1ficos e tudo com o m\u00e1ximo de detalhes.<\/p>\n<p><img decoding=\"async\" loading=\"lazy\" class=\"wp-image-1836 size-full aligncenter\" src=\"http:\/\/systemmaster.com.br\/hashtagtv\/wp-content\/uploads\/2019\/07\/hashtag-tv-comofunciona-3.png\" alt=\"\" width=\"504\" height=\"182\" srcset=\"https:\/\/hashtagtv.com.br\/wp-content\/uploads\/2019\/07\/hashtag-tv-comofunciona-3.png 504w, https:\/\/hashtagtv.com.br\/wp-content\/uploads\/2019\/07\/hashtag-tv-comofunciona-3-300x108.png 300w, https:\/\/hashtagtv.com.br\/wp-content\/uploads\/2019\/07\/hashtag-tv-comofunciona-3-500x182.png 500w\" sizes=\"(max-width: 504px) 100vw, 504px\" \/><\/p>\n<h3 class=\"fonte-laranja\" style=\"text-align: center;\">ATIVE SEU DISPOSITIVO MOBILE<\/h3>\n<p class=\"fonte-branca lead\" style=\"text-align: center;\">Voc\u00ea tamb\u00e9m pode usar seu dispositivo mobile para controlar a sua Hashtag TV. Acesse o navegador, entre com seu login e senha e altere seu conte\u00fado, aprove e exclua postagens. Tudo online, instant\u00e2neo e real time.<\/p>\n<p><img decoding=\"async\" loading=\"lazy\" class=\"wp-image-1837 size-full aligncenter\" src=\"http:\/\/systemmaster.com.br\/hashtagtv\/wp-content\/uploads\/2019\/07\/hashtag-tv-comofunciona-4.png\" alt=\"\" width=\"504\" height=\"182\" srcset=\"https:\/\/hashtagtv.com.br\/wp-content\/uploads\/2019\/07\/hashtag-tv-comofunciona-4.png 504w, https:\/\/hashtagtv.com.br\/wp-content\/uploads\/2019\/07\/hashtag-tv-comofunciona-4-300x108.png 300w, https:\/\/hashtagtv.com.br\/wp-content\/uploads\/2019\/07\/hashtag-tv-comofunciona-4-500x182.png 500w\" sizes=\"(max-width: 504px) 100vw, 504px\" \/>[\/vc_column_text][vc_separator][vc_column_text]<\/p>\n<div class=\"funcionalidades-item-esquerda text-right\">\n<h3 class=\"fonte-laranja\" style=\"text-align: center;\">APP&#8217;S MARKET<\/h3>\n<p class=\"fonte-branca lead\" style=\"text-align: center;\">Oferecemos um grande n\u00famero de aplicativos e permitimos de forma r\u00e1pida que qualquer app do seu painel seja exibido nas telas.<\/p>\n<p><img decoding=\"async\" loading=\"lazy\" class=\"aligncenter wp-image-5778 size-full\" src=\"https:\/\/hashtagtv.com.br\/wp-content\/uploads\/2023\/09\/hashtag-tv-funcionalidades-tela-1.png\" alt=\"\" width=\"600\" height=\"199\" srcset=\"https:\/\/hashtagtv.com.br\/wp-content\/uploads\/2023\/09\/hashtag-tv-funcionalidades-tela-1.png 600w, https:\/\/hashtagtv.com.br\/wp-content\/uploads\/2023\/09\/hashtag-tv-funcionalidades-tela-1-300x100.png 300w\" sizes=\"(max-width: 600px) 100vw, 600px\" \/><\/p>\n<h3 class=\"fonte-laranja\" style=\"text-align: center;\">INTERA\u00c7\u00d5ES INSTANT\u00c2NEAS DAS REDES SOCIAIS<\/h3>\n<p class=\"fonte-branca lead\" style=\"text-align: center;\">As atualiza\u00e7\u00f5es de suas redes sociais podem ser exibidas instantaneamente, ou<\/p>\n<p class=\"fonte-branca lead\" style=\"text-align: center;\">\u00a0seja, todo conte\u00fado aparece em uma s\u00f3 tela.<\/p>\n<p><img decoding=\"async\" loading=\"lazy\" class=\"wp-image-1850 size-full aligncenter\" style=\"margin-top: 0.857143rem; margin-bottom: 0.857143rem;\" src=\"http:\/\/systemmaster.com.br\/hashtagtv\/wp-content\/uploads\/2019\/07\/hashtag-tv-funcionalidades-tela-2.png\" alt=\"\" width=\"482\" height=\"289\" srcset=\"https:\/\/hashtagtv.com.br\/wp-content\/uploads\/2019\/07\/hashtag-tv-funcionalidades-tela-2.png 482w, https:\/\/hashtagtv.com.br\/wp-content\/uploads\/2019\/07\/hashtag-tv-funcionalidades-tela-2-300x180.png 300w\" sizes=\"(max-width: 482px) 100vw, 482px\" \/><\/div>\n<p>&nbsp;<\/p>\n<h3 class=\"fonte-laranja\" style=\"text-align: center;\">IMAGENS E V\u00cdDEOS EM HD<\/h3>\n<p class=\"fonte-branca lead\" style=\"text-align: center;\">O conte\u00fado de suas redes sociais \u00e9 exibido em qualidade HD. Deixe suas imagens, v\u00eddeos e infogr\u00e1ficos muito mais atrativos.<\/p>\n<p><img decoding=\"async\" loading=\"lazy\" class=\"wp-image-1851 size-full aligncenter\" src=\"http:\/\/systemmaster.com.br\/hashtagtv\/wp-content\/uploads\/2019\/07\/hashtag-tv-funcionalidades-tela-3.png\" alt=\"\" width=\"415\" height=\"260\" srcset=\"https:\/\/hashtagtv.com.br\/wp-content\/uploads\/2019\/07\/hashtag-tv-funcionalidades-tela-3.png 415w, https:\/\/hashtagtv.com.br\/wp-content\/uploads\/2019\/07\/hashtag-tv-funcionalidades-tela-3-300x188.png 300w\" sizes=\"(max-width: 415px) 100vw, 415px\" \/><\/p>\n<h3 class=\"fonte-laranja\" style=\"text-align: center;\">ARMAZENAMENTO NA NUVEM<\/h3>\n<p class=\"fonte-branca lead\" style=\"text-align: center;\">N\u00e3o se preocupe com a quantidade de conte\u00fado que voc\u00ea tem ou onde ele \u00e9 armazenado. Garantimos que n\u00e3o faltar\u00e1 espa\u00e7o.<\/p>\n<p><img decoding=\"async\" loading=\"lazy\" class=\"wp-image-1852 size-full aligncenter\" src=\"http:\/\/systemmaster.com.br\/hashtagtv\/wp-content\/uploads\/2019\/07\/hashtag-tv-funcionalidades-tela-4.png\" alt=\"\" width=\"556\" height=\"282\" srcset=\"https:\/\/hashtagtv.com.br\/wp-content\/uploads\/2019\/07\/hashtag-tv-funcionalidades-tela-4.png 556w, https:\/\/hashtagtv.com.br\/wp-content\/uploads\/2019\/07\/hashtag-tv-funcionalidades-tela-4-300x152.png 300w\" sizes=\"(max-width: 556px) 100vw, 556px\" \/><\/p>\n<h3 class=\"fonte-laranja\" style=\"text-align: center;\">INTERFACE ADAPT\u00c1VEL<\/h3>\n<p class=\"fonte-branca lead\" style=\"text-align: center;\">A HashtagTV pode ser adaptada de acordo com a resolu\u00e7\u00e3o e o formato de seus dispositivos (TV, Pain\u00e9is de LED, V\u00eddeo Wall). A orienta\u00e7\u00e3o da interface pode ser alterada para facilitar a utiliza\u00e7\u00e3o e oferecer maior comodidade para o usu\u00e1rio. A escolha \u00e9 sua.<\/p>\n<p><img decoding=\"async\" loading=\"lazy\" class=\"aligncenter wp-image-1854 size-full\" src=\"http:\/\/systemmaster.com.br\/hashtagtv\/wp-content\/uploads\/2019\/07\/hashtag-tv-funcionalidades-tela-5.png\" alt=\"\" width=\"425\" height=\"380\" srcset=\"https:\/\/hashtagtv.com.br\/wp-content\/uploads\/2019\/07\/hashtag-tv-funcionalidades-tela-5.png 425w, https:\/\/hashtagtv.com.br\/wp-content\/uploads\/2019\/07\/hashtag-tv-funcionalidades-tela-5-300x268.png 300w\" sizes=\"(max-width: 425px) 100vw, 425px\" \/><\/p>\n<h3 class=\"fonte-laranja\" style=\"text-align: center;\">ATUALIZA\u00c7\u00c3O AUTOM\u00c1TICA<\/h3>\n<p class=\"fonte-branca lead\" style=\"text-align: center;\">As atualiza\u00e7\u00f5es feitas no computador s\u00e3o exibidas automaticamente em sua tv. Dessa forma, nenhuma informa\u00e7\u00e3o \u00e9 perdida.<\/p>\n<p><img decoding=\"async\" loading=\"lazy\" class=\"aligncenter wp-image-1855 size-full\" src=\"http:\/\/systemmaster.com.br\/hashtagtv\/wp-content\/uploads\/2019\/07\/hashtag-tv-funcionalidades-tela-6.png\" alt=\"\" width=\"534\" height=\"294\" srcset=\"https:\/\/hashtagtv.com.br\/wp-content\/uploads\/2019\/07\/hashtag-tv-funcionalidades-tela-6.png 534w, https:\/\/hashtagtv.com.br\/wp-content\/uploads\/2019\/07\/hashtag-tv-funcionalidades-tela-6-300x165.png 300w\" sizes=\"(max-width: 534px) 100vw, 534px\" \/><\/p>\n<h3 class=\"fonte-laranja\" style=\"text-align: center;\">SISTEMA SEGURO<\/h3>\n<p class=\"fonte-branca lead\" style=\"text-align: center;\">Os dados de sua empresa permanecem seguros com criptografia SSL e infraestrutura de servidor de classe mundial SSAE-16.<\/p>\n<p><img decoding=\"async\" loading=\"lazy\" class=\"aligncenter wp-image-1856 size-full\" src=\"http:\/\/systemmaster.com.br\/hashtagtv\/wp-content\/uploads\/2019\/07\/hashtag-tv-funcionalidades-tela-7.png\" alt=\"\" width=\"408\" height=\"325\" srcset=\"https:\/\/hashtagtv.com.br\/wp-content\/uploads\/2019\/07\/hashtag-tv-funcionalidades-tela-7.png 408w, https:\/\/hashtagtv.com.br\/wp-content\/uploads\/2019\/07\/hashtag-tv-funcionalidades-tela-7-300x239.png 300w\" sizes=\"(max-width: 408px) 100vw, 408px\" \/><\/p>\n<div class=\"funcionalidades-item-esquerda text-right\">\n<h3 class=\"fonte-laranja\" style=\"text-align: center;\">PROGRAMA\u00c7\u00c3O DE CONTE\u00daDO<\/h3>\n<p class=\"fonte-branca lead\" style=\"text-align: center;\">O conte\u00fado pode ser igual ou segmentado para cada local. \u00c9 s\u00f3 escolher o dia e<br \/>\nhor\u00e1rio para cada conte\u00fado e o sistema atualiza em tempo real.<\/p>\n<p><img decoding=\"async\" loading=\"lazy\" class=\"aligncenter wp-image-1861 size-full\" src=\"http:\/\/systemmaster.com.br\/hashtagtv\/wp-content\/uploads\/2019\/07\/hashtag-tv-funcionalidades-painel-1-1.png\" alt=\"\" width=\"408\" height=\"325\" srcset=\"https:\/\/hashtagtv.com.br\/wp-content\/uploads\/2019\/07\/hashtag-tv-funcionalidades-painel-1-1.png 408w, https:\/\/hashtagtv.com.br\/wp-content\/uploads\/2019\/07\/hashtag-tv-funcionalidades-painel-1-1-300x239.png 300w\" sizes=\"(max-width: 408px) 100vw, 408px\" \/><\/p>\n<p>&nbsp;<\/p>\n<h3 class=\"fonte-laranja\" style=\"text-align: center;\">MONITORAMENTO DE TELAS<\/h3>\n<p class=\"fonte-branca lead\" style=\"text-align: center;\">Todas as atualiza\u00e7\u00f5es podem ser monitoradas. Acompanhe o conte\u00fado em suas telas por meio de um PC ou dispositivo m\u00f3vel.<\/p>\n<p><img decoding=\"async\" loading=\"lazy\" class=\"aligncenter wp-image-1863 size-full\" style=\"margin-top: 0.857143rem; margin-bottom: 0.857143rem;\" src=\"http:\/\/systemmaster.com.br\/hashtagtv\/wp-content\/uploads\/2019\/07\/hashtag-tv-funcionalidades-painel-3.png\" alt=\"\" width=\"515\" height=\"282\" srcset=\"https:\/\/hashtagtv.com.br\/wp-content\/uploads\/2019\/07\/hashtag-tv-funcionalidades-painel-3.png 515w, https:\/\/hashtagtv.com.br\/wp-content\/uploads\/2019\/07\/hashtag-tv-funcionalidades-painel-3-300x164.png 300w\" sizes=\"(max-width: 515px) 100vw, 515px\" \/><\/p>\n<h3 class=\"fonte-laranja\" style=\"text-align: center;\">AN\u00c1LISE DE RELAT\u00d3RIOS<\/h3>\n<p class=\"fonte-branca lead\" style=\"text-align: center;\">Tenha acesso a relat\u00f3rios do seu conte\u00fado diretamente no painel. Confira todos os resultados obtidos a partir da HashtagTV.<\/p>\n<p><img decoding=\"async\" loading=\"lazy\" class=\"aligncenter wp-image-1864 size-full\" src=\"http:\/\/systemmaster.com.br\/hashtagtv\/wp-content\/uploads\/2019\/07\/hashtag-tv-funcionalidades-painel-4.png\" alt=\"\" width=\"408\" height=\"325\" srcset=\"https:\/\/hashtagtv.com.br\/wp-content\/uploads\/2019\/07\/hashtag-tv-funcionalidades-painel-4.png 408w, https:\/\/hashtagtv.com.br\/wp-content\/uploads\/2019\/07\/hashtag-tv-funcionalidades-painel-4-300x239.png 300w\" sizes=\"(max-width: 408px) 100vw, 408px\" \/><\/p>\n<div class=\"funcionalidades-item-esquerda text-right\">\n<h3 class=\"fonte-laranja\" style=\"text-align: center;\">FILTRAGEM DE POSTS<\/h3>\n<p class=\"fonte-branca lead\" style=\"text-align: center;\">Tenha controle absoluto sobre os posts de seus clientes, aprovando, editando ou excluindo o que ser\u00e1 exibido na sua HashtagTV.<\/p>\n<p><img decoding=\"async\" loading=\"lazy\" class=\"aligncenter wp-image-1865 size-full\" src=\"http:\/\/systemmaster.com.br\/hashtagtv\/wp-content\/uploads\/2019\/07\/hashtag-tv-funcionalidades-painel-5.png\" alt=\"\" width=\"549\" height=\"314\" srcset=\"https:\/\/hashtagtv.com.br\/wp-content\/uploads\/2019\/07\/hashtag-tv-funcionalidades-painel-5.png 549w, https:\/\/hashtagtv.com.br\/wp-content\/uploads\/2019\/07\/hashtag-tv-funcionalidades-painel-5-300x172.png 300w\" sizes=\"(max-width: 549px) 100vw, 549px\" \/><\/p>\n<h3 class=\"fonte-laranja\" style=\"text-align: center;\">HASHTAG PLAYER<\/h3>\n<p class=\"fonte-branca lead\" style=\"text-align: center;\">Ele \u00e9 pequeno, mas muito poderoso! No seu interior, existe um potente software que pode mudar a maneira de utilizar monitores digitais. Conecte-se \u00e0 Internet e comece de maneira f\u00e1cil e r\u00e1pida.<\/p>\n<p><img decoding=\"async\" loading=\"lazy\" class=\"aligncenter wp-image-1843 size-full\" src=\"http:\/\/systemmaster.com.br\/hashtagtv\/wp-content\/uploads\/2019\/07\/hashtag-tv-funcionalidades-player-1.png\" alt=\"\" width=\"436\" height=\"257\" srcset=\"https:\/\/hashtagtv.com.br\/wp-content\/uploads\/2019\/07\/hashtag-tv-funcionalidades-player-1.png 436w, https:\/\/hashtagtv.com.br\/wp-content\/uploads\/2019\/07\/hashtag-tv-funcionalidades-player-1-300x177.png 300w\" sizes=\"(max-width: 436px) 100vw, 436px\" \/><\/p>\n<h3 class=\"fonte-laranja\" style=\"text-align: center;\">SEU PLAYER<\/h3>\n<p class=\"fonte-branca lead\" style=\"text-align: center;\">Deixamos o servi\u00e7o ainda mais pr\u00e1tico. Transforme o seu<br \/>\ncomputador em Hashtag Player. Para isso, basta ter um processador i3 e 4GB de mem\u00f3ria RAM ou superior para instalarmos o nosso aplicativo Player. Viu como \u00e9 simples?<\/p>\n<p><img decoding=\"async\" loading=\"lazy\" class=\"aligncenter wp-image-1844 size-full\" src=\"http:\/\/systemmaster.com.br\/hashtagtv\/wp-content\/uploads\/2019\/07\/hashtag-tv-funcionalidades-player-2.png\" alt=\"\" width=\"436\" height=\"257\" srcset=\"https:\/\/hashtagtv.com.br\/wp-content\/uploads\/2019\/07\/hashtag-tv-funcionalidades-player-2.png 436w, https:\/\/hashtagtv.com.br\/wp-content\/uploads\/2019\/07\/hashtag-tv-funcionalidades-player-2-300x177.png 300w\" sizes=\"(max-width: 436px) 100vw, 436px\" \/><\/div>\n<\/div>\n<p>[\/vc_column_text][\/vc_column][\/vc_row]<\/p>\n","protected":false},"excerpt":{"rendered":"<p>[vc_row][vc_column][vc_column_text] CADASTRE-SE Voc\u00ea est\u00e1 pronto para impulsionar os seus neg\u00f3cios? Nossa tecnologia \u00e9 feita para atender aos interesses de sua empresa&#8230;.<\/p>\n","protected":false},"author":2,"featured_media":1981,"parent":0,"menu_order":0,"comment_status":"open","ping_status":"open","template":"","meta":[],"_links":{"self":[{"href":"https:\/\/hashtagtv.com.br\/index.php?rest_route=\/wp\/v2\/pages\/241"}],"collection":[{"href":"https:\/\/hashtagtv.com.br\/index.php?rest_route=\/wp\/v2\/pages"}],"about":[{"href":"https:\/\/hashtagtv.com.br\/index.php?rest_route=\/wp\/v2\/types\/page"}],"author":[{"embeddable":true,"href":"https:\/\/hashtagtv.com.br\/index.php?rest_route=\/wp\/v2\/users\/2"}],"replies":[{"embeddable":true,"href":"https:\/\/hashtagtv.com.br\/index.php?rest_route=%2Fwp%2Fv2%2Fcomments&post=241"}],"version-history":[{"count":60,"href":"https:\/\/hashtagtv.com.br\/index.php?rest_route=\/wp\/v2\/pages\/241\/revisions"}],"predecessor-version":[{"id":1832,"href":"https:\/\/hashtagtv.com.br\/index.php?rest_route=\/wp\/v2\/pages\/241\/revisions\/1832"}],"wp:featuredmedia":[{"embeddable":true,"href":"https:\/\/hashtagtv.com.br\/index.php?rest_route=\/wp\/v2\/media\/1981"}],"wp:attachment":[{"href":"https:\/\/hashtagtv.com.br\/index.php?rest_route=%2Fwp%2Fv2%2Fmedia&parent=241"}],"curies":[{"name":"wp","href":"https:\/\/api.w.org\/{rel}","templated":true}]}}