{"id":172,"date":"2015-06-29T15:26:47","date_gmt":"2015-06-29T14:26:47","guid":{"rendered":"http:\/\/tommusrhodus.wpengine.com\/?page_id=172"},"modified":"2023-09-07T19:18:41","modified_gmt":"2023-09-07T22:18:41","slug":"empresa","status":"publish","type":"page","link":"https:\/\/hashtagtv.com.br\/?page_id=172","title":{"rendered":"Empresa"},"content":{"rendered":"<p>[vc_row foundry_padding=&#8221;pb0&#8243; el_class=&#8221;team-center&#8221;][vc_column width=&#8221;5\/12&#8243;][vc_column_text]<\/p>\n<h4 class=\"uppercase\">Quem Somos<\/h4>\n<p>Com a necessidade de propagar informa\u00e7\u00f5es de maneira mais eficiente, a comunica\u00e7\u00e3o passou a ser uma preocupa\u00e7\u00e3o constante de muitas empresas.<br \/>\nA HashtagTV surgiu em 2014 para revolucionar o jeito como as empresas se comunicam com seus clientes ou colaboradores.<br \/>\nTrabalhamos com o que h\u00e1 de mais moderno no mundo para comunica\u00e7\u00e3o digital.[\/vc_column_text][\/vc_column][vc_column width=&#8221;7\/12&#8243;][vc_column_text]<\/p>\n<h4 class=\"uppercase\">NOSSOS N\u00daMEROS<\/h4>\n<p>[\/vc_column_text]\n\t\t\t<div class=\"progress-bars text-center\">\n\t\t\t    <div class=\"progress progress-1\">\n\t\t\t        <div class=\"progress-bar\" data-progress=\"95\">\n\t\t\t            <span class=\"title\">Mais de 2000 telas espalhadas pelo Brasil<\/span>\n\t\t\t        <\/div>\n\t\t\t    <\/div>\n\t\t\t<\/div>\n\t\t\n\t\t\t<div class=\"progress-bars text-center\">\n\t\t\t    <div class=\"progress progress-1\">\n\t\t\t        <div class=\"progress-bar\" data-progress=\"80\">\n\t\t\t            <span class=\"title\">Mais de 100 clientes<\/span>\n\t\t\t        <\/div>\n\t\t\t    <\/div>\n\t\t\t<\/div>\n\t\t\n\t\t\t<div class=\"progress-bars text-center\">\n\t\t\t    <div class=\"progress progress-1\">\n\t\t\t        <div class=\"progress-bar\" data-progress=\"70\">\n\t\t\t            <span class=\"title\">Mais de 50 Apps dispon\u00edveis na plataforma<\/span>\n\t\t\t        <\/div>\n\t\t\t    <\/div>\n\t\t\t<\/div>\n\t\t\n\t\t\t<div class=\"progress-bars text-center\">\n\t\t\t    <div class=\"progress progress-1\">\n\t\t\t        <div class=\"progress-bar\" data-progress=\"60\">\n\t\t\t            <span class=\"title\">Mais de 15 segmentos atendidos<\/span>\n\t\t\t        <\/div>\n\t\t\t    <\/div>\n\t\t\t<\/div>\n\t\t[\/vc_column][\/vc_row]<\/p>\n","protected":false},"excerpt":{"rendered":"<p>[vc_row foundry_padding=&#8221;pb0&#8243; el_class=&#8221;team-center&#8221;][vc_column width=&#8221;5\/12&#8243;][vc_column_text] Quem Somos Com a necessidade de propagar informa\u00e7\u00f5es de maneira mais eficiente, a comunica\u00e7\u00e3o passou a ser&#8230;<\/p>\n","protected":false},"author":2,"featured_media":1980,"parent":0,"menu_order":0,"comment_status":"open","ping_status":"open","template":"","meta":[],"_links":{"self":[{"href":"https:\/\/hashtagtv.com.br\/index.php?rest_route=\/wp\/v2\/pages\/172"}],"collection":[{"href":"https:\/\/hashtagtv.com.br\/index.php?rest_route=\/wp\/v2\/pages"}],"about":[{"href":"https:\/\/hashtagtv.com.br\/index.php?rest_route=\/wp\/v2\/types\/page"}],"author":[{"embeddable":true,"href":"https:\/\/hashtagtv.com.br\/index.php?rest_route=\/wp\/v2\/users\/2"}],"replies":[{"embeddable":true,"href":"https:\/\/hashtagtv.com.br\/index.php?rest_route=%2Fwp%2Fv2%2Fcomments&post=172"}],"version-history":[{"count":14,"href":"https:\/\/hashtagtv.com.br\/index.php?rest_route=\/wp\/v2\/pages\/172\/revisions"}],"predecessor-version":[{"id":5744,"href":"https:\/\/hashtagtv.com.br\/index.php?rest_route=\/wp\/v2\/pages\/172\/revisions\/5744"}],"wp:featuredmedia":[{"embeddable":true,"href":"https:\/\/hashtagtv.com.br\/index.php?rest_route=\/wp\/v2\/media\/1980"}],"wp:attachment":[{"href":"https:\/\/hashtagtv.com.br\/index.php?rest_route=%2Fwp%2Fv2%2Fmedia&parent=172"}],"curies":[{"name":"wp","href":"https:\/\/api.w.org\/{rel}","templated":true}]}}