{"id":1698,"date":"2019-07-11T17:12:15","date_gmt":"2019-07-11T20:12:15","guid":{"rendered":"http:\/\/systemmaster.com.br\/hashtagtv\/?page_id=1698"},"modified":"2024-08-19T13:51:03","modified_gmt":"2024-08-19T16:51:03","slug":"politica-de-privacidade-2","status":"publish","type":"page","link":"https:\/\/hashtagtv.com.br\/?page_id=1698","title":{"rendered":"Pol\u00edtica de Privacidade"},"content":{"rendered":"<p>[vc_row][vc_column][vc_column_text]<\/p>\n<p style=\"text-align: left;\">Pol\u00edtica de privacidade da HashtagTV<br \/>\nA privacidade \u00e9 importante para n\u00f3s e para os nossos clientes. Esta pol\u00edtica de privacidade foi compilada para melhor atender \u00e0queles preocupados com a forma de utiliza\u00e7\u00e3o de seus \u201cdados de identifica\u00e7\u00e3o pessoal\u201d (PII) online. Os PII, conforme usados na lei de privacidade e seguran\u00e7a de informa\u00e7\u00f5es dos EUA, s\u00e3o dados que podem ser usados isoladamente ou em conjunto com outras informa\u00e7\u00f5es para identificar, contatar ou localizar uma \u00fanica pessoa, ou para identificar um indiv\u00edduo no contexto. Leia nossa pol\u00edtica de privacidade com aten\u00e7\u00e3o, para obter uma compreens\u00e3o clara sobre como coletar, usar, proteger ou, de outra forma, lidar com seus dados de identifica\u00e7\u00e3o pessoal em conformidade com o nosso site.<\/p>\n<p style=\"text-align: left;\">Quais informa\u00e7\u00f5es coletamos?<\/p>\n<p style=\"text-align: left;\">Ao fazer pedidos ou se cadastrar no nosso site, voc\u00ea pode ser solicitado a inserir seu nome, endere\u00e7o de e-mail, endere\u00e7o para correspond\u00eancia, n\u00famero de telefone ou outros detalhes, a fim de ajud\u00e1-lo com sua experi\u00eancia.<\/p>\n<p style=\"text-align: left;\">Quando coletamos dados?<\/p>\n<p style=\"text-align: left;\">Coletamos seus dados quando voc\u00ea realiza um pedido, assina um boletim informativo, preenche um formul\u00e1rio ou insere informa\u00e7\u00f5es em nosso site.<\/p>\n<p style=\"text-align: left;\">De que forma usamos seus dados?<\/p>\n<p style=\"text-align: left;\">Podemos usar seus dados no momento em que voc\u00ea se registra, faz uma compra, se cadastra em nosso boletim informativo, responde a uma pesquisa ou comunicado de marketing, navega no site, ou quando usa determinados recursos do site, das seguintes maneiras:<\/p>\n<p style=\"text-align: left;\">Para personalizar a experi\u00eancia do usu\u00e1rio e nos permitir fornecer o tipo de ofertas de conte\u00fado e produto nos quais voc\u00ea est\u00e1 mais interessado.<br \/>\nPara melhorar o nosso site, a fim de atend\u00ea-lo melhor.<br \/>\nPara nos permitir prestar um servi\u00e7o melhor, no atendimento de suas solicita\u00e7\u00f5es.<br \/>\nPara administrar um concurso, uma promo\u00e7\u00e3o, pesquisa ou outro recurso do site.<br \/>\nPara processar rapidamente suas transa\u00e7\u00f5es.<br \/>\nPara enviar e-mails peri\u00f3dicos sobre o seu pedido ou os demais produtos e servi\u00e7os.<br \/>\nDe que forma protegemos as informa\u00e7\u00f5es do visitante?<\/p>\n<p style=\"text-align: left;\">N\u00e3o fazemos uso de varreduras de vulnerabilidade e\/ou rastreamento nos padr\u00f5es PCI.<\/p>\n<p style=\"text-align: left;\">Usamos um certificado SSL<\/p>\n<p style=\"text-align: left;\">Implantamos medidas de seguran\u00e7a quando um usu\u00e1rio:<br \/>\nrealiza um pedido.<br \/>\ninsere, envia ou acessa seus dados.<br \/>\nUsamos um provedor de gateway de pagamentos.<br \/>\nMantido por mais de 60 dias<br \/>\nUsamos &#8216;cookies&#8217;?<br \/>\nSim<\/p>\n<p style=\"text-align: left;\">Usamos cookies para:<br \/>\nAjudar a lembrar e processar os itens contidos no carrinho de compras,<br \/>\nCompreender e salvar as prefer\u00eancias do usu\u00e1rio para futuros acessos,<br \/>\nCompilar dados agregados sobre o tr\u00e1fego e as intera\u00e7\u00f5es do site, a fim de oferecer melhores experi\u00eancias e ferramentas futuras. Podemos tamb\u00e9m utilizar servi\u00e7os de terceiros confi\u00e1veis, que controlam esses dados em nosso favor. Os cookies n\u00e3o afetar\u00e3o a experi\u00eancia dos usu\u00e1rios<br \/>\nDivulga\u00e7\u00e3o a terceiros<\/p>\n<p style=\"text-align: left;\">N\u00e3o vendemos, trocamos ou transferimos os dados de identifica\u00e7\u00e3o pessoal.<\/p>\n<p style=\"text-align: left;\">Links de terceiros<\/p>\n<p style=\"text-align: left;\">N\u00e3o inclu\u00edmos ou oferecemos produtos ou servi\u00e7os de terceiros no nosso site.<\/p>\n<p style=\"text-align: left;\">Google<\/p>\n<p style=\"text-align: left;\">N\u00e3o ativamos o Google AdSense em nosso site, contudo, poderemos faz\u00ea-lo no futuro.<\/p>\n<p style=\"text-align: left;\">Lei de prote\u00e7\u00e3o da privacidade online da Calif\u00f3rnia<\/p>\n<p style=\"text-align: left;\">Em conformidade com o CalOPPA, concordamos com o seguinte:<br \/>\nOs usu\u00e1rios podem acessar o nosso site de forma an\u00f4nima<br \/>\nAp\u00f3s a cria\u00e7\u00e3o desta pol\u00edtica de privacidade, adicionaremos um link para ela na nossa p\u00e1gina inicial ou, no m\u00ednimo, na primeira p\u00e1gina ap\u00f3s o acesso ao nosso website.<br \/>\nNosso link para a pol\u00edtica de privacidade inclui a palavra &#8216;Privacidade&#8217; e pode ser facilmente encontrado na p\u00e1gina especificada acima.<\/p>\n<p style=\"text-align: left;\">Os usu\u00e1rios ser\u00e3o notificados sobre eventuais altera\u00e7\u00f5es de pol\u00edtica de privacidade:<br \/>\nNa nossa p\u00e1gina de pol\u00edtica de privacidade<br \/>\nOs usu\u00e1rios conseguir\u00e3o alterar seus dados pessoais:<br \/>\nEnviando um e-mail<br \/>\nEntrando em contato por telefone<br \/>\nAo efetuar login em sua conta<br \/>\nConversando conosco via chat ou enviando um ticket<br \/>\nDe que forma o nosso site n\u00e3o rastreia os sinais?<br \/>\nN\u00f3s os respeitamos e n\u00e3o rastreamos, tampouco plantamos cookies ou usamos publicidade quando um mecanismo do navegador anti-rastreio (DNT) est\u00e1 ativado.<\/p>\n<p style=\"text-align: left;\">Nosso site permite rastreamento de terceiros?<br \/>\nN\u00e3o permitimos<\/p>\n<p style=\"text-align: left;\">COPPA (Lei de prote\u00e7\u00e3o de privacidade online de crian\u00e7as)<\/p>\n<p style=\"text-align: left;\">N\u00e3o realizamos vendas especificamente para crian\u00e7as menores de 13 anos<\/p>\n<p style=\"text-align: left;\">Pr\u00e1ticas leais de informa\u00e7\u00f5es<\/p>\n<p style=\"text-align: left;\">A fim de estarmos em conson\u00e2ncia com as Pr\u00e1ticas leais de informa\u00e7\u00e3o, tomaremos a seguinte provid\u00eancia, caso haja viola\u00e7\u00e3o de dados:<br \/>\nN\u00f3s notificaremos os usu\u00e1rios por e-mail<br \/>\nEm at\u00e9 7 dias \u00fateis<br \/>\nNotificaremos os usu\u00e1rios por meio de notifica\u00e7\u00e3o no site<br \/>\nEm at\u00e9 7 dias \u00fateis<br \/>\nEstamos de acordo com o princ\u00edpio de repara\u00e7\u00e3o individual, que prev\u00ea que os indiv\u00edduos tenham um direito ao exerc\u00edcio de direitos legalmente exequ\u00edveis contra os que coletam dados e os processadores que n\u00e3o estejam de acordo com a lei. Este princ\u00edpio exige n\u00e3o apenas que os indiv\u00edduos tenham direitos contra usu\u00e1rios de dados, mas tamb\u00e9m que os indiv\u00edduos tenham o recurso perante os tribunais ou um \u00f3rg\u00e3o do governo para investigar e\/ou entrar com um processo pelo descumprimento dos processadores de dados.<\/p>\n<p>[\/vc_column_text][\/vc_column][\/vc_row]<\/p>\n","protected":false},"excerpt":{"rendered":"<p>[vc_row][vc_column][vc_column_text] Pol\u00edtica de privacidade da HashtagTV A privacidade \u00e9 importante para n\u00f3s e para os nossos clientes. Esta pol\u00edtica de privacidade&#8230;<\/p>\n","protected":false},"author":2,"featured_media":1983,"parent":0,"menu_order":0,"comment_status":"closed","ping_status":"closed","template":"","meta":[],"_links":{"self":[{"href":"https:\/\/hashtagtv.com.br\/index.php?rest_route=\/wp\/v2\/pages\/1698"}],"collection":[{"href":"https:\/\/hashtagtv.com.br\/index.php?rest_route=\/wp\/v2\/pages"}],"about":[{"href":"https:\/\/hashtagtv.com.br\/index.php?rest_route=\/wp\/v2\/types\/page"}],"author":[{"embeddable":true,"href":"https:\/\/hashtagtv.com.br\/index.php?rest_route=\/wp\/v2\/users\/2"}],"replies":[{"embeddable":true,"href":"https:\/\/hashtagtv.com.br\/index.php?rest_route=%2Fwp%2Fv2%2Fcomments&post=1698"}],"version-history":[{"count":3,"href":"https:\/\/hashtagtv.com.br\/index.php?rest_route=\/wp\/v2\/pages\/1698\/revisions"}],"predecessor-version":[{"id":5866,"href":"https:\/\/hashtagtv.com.br\/index.php?rest_route=\/wp\/v2\/pages\/1698\/revisions\/5866"}],"wp:featuredmedia":[{"embeddable":true,"href":"https:\/\/hashtagtv.com.br\/index.php?rest_route=\/wp\/v2\/media\/1983"}],"wp:attachment":[{"href":"https:\/\/hashtagtv.com.br\/index.php?rest_route=%2Fwp%2Fv2%2Fmedia&parent=1698"}],"curies":[{"name":"wp","href":"https:\/\/api.w.org\/{rel}","templated":true}]}}