{"id":1163,"date":"2015-08-14T09:03:06","date_gmt":"2015-08-14T09:03:06","guid":{"rendered":"http:\/\/foundry.tommusdemos.wpengine.com\/?page_id=1163"},"modified":"2025-11-17T15:24:25","modified_gmt":"2025-11-17T18:24:25","slug":"contato","status":"publish","type":"page","link":"https:\/\/hashtagtv.com.br\/?page_id=1163","title":{"rendered":"Contato"},"content":{"rendered":"<p>[vc_row full_width=&#8221;stretch_row_content_no_spaces&#8221; foundry_padding=&#8221;pt0 pb0&#8243; el_id=&#8221;#contato&#8221;][vc_column css=&#8221;.vc_custom_1763401855554{margin-top: -20px !important;margin-bottom: -80px !important;}&#8221; offset=&#8221;vc_hidden-sm vc_hidden-xs&#8221;]<section class=\"page-title page-title-1 \">\n\t\t\t\t<div class=\"container\">\n\t\t\t\t    <div class=\"row\">\n\t\t\t\t        <div class=\"col-sm-12 text-center\">\n\t\t\t\t        \t<h2 class=\"uppercase mb8\"> Fale com um especialista da HashtagTV pelo WhatsApp:<\/h2>\n\t\t\t\t        \t<p class=\"lead mb0\"><\/p>\n\t\t\t\t        <\/div>\n\t\t\t\t    <\/div>\n\t\t\t\t<\/div>\n\t\t\t\t<ol class=\"breadcrumb breadcrumb-2\"><li><a href=\"https:\/\/hashtagtv.com.br\/\" class=\"home-link\" rel=\"home\">Home<\/a><\/li><li class=\"active\">Contato<\/li><\/ol>\n\t\t\t<\/section>\n\t\t[\/vc_column][\/vc_row][vc_row full_width=&#8221;stretch_row_content_no_spaces&#8221; foundry_padding=&#8221;pt0 pb0&#8243;][vc_column css=&#8221;.vc_custom_1763401816769{margin-top: -20px !important;margin-bottom: -20px !important;}&#8221; offset=&#8221;vc_hidden-lg vc_hidden-md&#8221;]<section class=\"page-title page-title-1 \">\n\t\t\t\t<div class=\"container\">\n\t\t\t\t    <div class=\"row\">\n\t\t\t\t        <div class=\"col-sm-12 text-center\">\n\t\t\t\t        \t<h2 class=\"uppercase mb8\"> Fale com um especialista da HashtagTV pelo WhatsApp:<\/h2>\n\t\t\t\t        \t<p class=\"lead mb0\"><\/p>\n\t\t\t\t        <\/div>\n\t\t\t\t    <\/div>\n\t\t\t\t<\/div>\n\t\t\t\t<ol class=\"breadcrumb breadcrumb-2\"><li><a href=\"https:\/\/hashtagtv.com.br\/\" class=\"home-link\" rel=\"home\">Home<\/a><\/li><li class=\"active\">Contato<\/li><\/ol>\n\t\t\t<\/section>\n\t\t[\/vc_column][\/vc_row][vc_row full_width=&#8221;stretch_row_content_no_spaces&#8221; foundry_padding=&#8221;pt0 pb0&#8243; css=&#8221;.vc_custom_1763401323326{margin-top: -80px !important;padding-bottom: -80px !important;}&#8221;][vc_column][vc_wp_text]<\/p>\n<h1 style=\"text-align: center;\"><a href=\"https:\/\/wa.me\/5511930918897?text=Contato%20via%20site:%20Quero%20conhecer%20a%20HashtagTV\"><u>Inicie Aqui!<\/u><\/a><\/h1>\n<p>[\/vc_wp_text][\/vc_column][\/vc_row][vc_row full_width=&#8221;stretch_row_content_no_spaces&#8221; foundry_padding=&#8221;pt0 pb0&#8243; css=&#8221;.vc_custom_1763400855046{padding-bottom: -80px !important;}&#8221;][vc_column css=&#8221;.vc_custom_1763403100357{margin-top: -60px !important;margin-bottom: -100px !important;}&#8221;]<section class=\"page-title page-title-1 \">\n\t\t\t\t<div class=\"container\">\n\t\t\t\t    <div class=\"row\">\n\t\t\t\t        <div class=\"col-sm-12 text-center\">\n\t\t\t\t        \t<h2 class=\"uppercase mb8\"> Fale conosco<\/h2>\n\t\t\t\t        \t<p class=\"lead mb0\">Estamos prontos para tirar todas as suas d\u00favidas. Preencha o formul\u00e1rio, em breve um representante entrar\u00e1 em contato via e-mail<\/p>\n\t\t\t\t        <\/div>\n\t\t\t\t    <\/div>\n\t\t\t\t<\/div>\n\t\t\t\t<ol class=\"breadcrumb breadcrumb-2\"><li><a href=\"https:\/\/hashtagtv.com.br\/\" class=\"home-link\" rel=\"home\">Home<\/a><\/li><li class=\"active\">Contato<\/li><\/ol>\n\t\t\t<\/section>\n\t\t[\/vc_column][\/vc_row][vc_row css=&#8221;.vc_custom_1763402960760{margin-top: -80px !important;}&#8221;][vc_column width=&#8221;1\/12&#8243;][\/vc_column][vc_column width=&#8221;10\/12&#8243;]<div role=\"form\" class=\"wpcf7\" id=\"wpcf7-f1165-o1\" lang=\"en-US\" dir=\"ltr\">\n<div class=\"screen-reader-response\"><\/div>\n<form action=\"\/index.php?rest_route=%2Fwp%2Fv2%2Fpages%2F1163#wpcf7-f1165-o1\" method=\"post\" class=\"wpcf7-form\" novalidate=\"novalidate\">\n<div style=\"display: none;\">\n<input type=\"hidden\" name=\"_wpcf7\" value=\"1165\" \/>\n<input type=\"hidden\" name=\"_wpcf7_version\" value=\"5.1.4\" \/>\n<input type=\"hidden\" name=\"_wpcf7_locale\" value=\"en_US\" \/>\n<input type=\"hidden\" name=\"_wpcf7_unit_tag\" value=\"wpcf7-f1165-o1\" \/>\n<input type=\"hidden\" name=\"_wpcf7_container_post\" value=\"0\" \/>\n<input type=\"hidden\" name=\"g-recaptcha-response\" value=\"\" \/>\n<\/div>\n<div class=\"feature boxed bg-secondary\">\n<div class=\"form-email form-planner\">\n<h4 class=\"uppercase mt48 mt-xs-0\">Precisamos de algumas informa\u00e7\u00f5es:<\/h4>\n<p class=\"lead mb64 mb-xs-24\">Nos fale um pouco sobre seus planos,<br \/>o que tem em mente.<\/p>\n<div class=\"overflow-hidden\">\n<hr>\n<h6 class=\"uppercase\">1. Qual produto voc\u00ea tem interesse?<\/h6>\n<p><span class=\"wpcf7-form-control-wrap checkbox-interesse\"><span class=\"wpcf7-form-control wpcf7-checkbox\"><span class=\"wpcf7-list-item first\"><input type=\"checkbox\" name=\"checkbox-interesse[]\" value=\"M\u00eddia\" \/><span class=\"wpcf7-list-item-label\">M\u00eddia<\/span><\/span><span class=\"wpcf7-list-item\"><input type=\"checkbox\" name=\"checkbox-interesse[]\" value=\"LED\" \/><span class=\"wpcf7-list-item-label\">LED<\/span><\/span><span class=\"wpcf7-list-item last\"><input type=\"checkbox\" name=\"checkbox-interesse[]\" value=\"Comunica\u00e7\u00e3o Interna\" \/><span class=\"wpcf7-list-item-label\">Comunica\u00e7\u00e3o Interna<\/span><\/span><\/span><\/span><\/p>\n<hr>\n<\/div>\n<div class=\"overflow-hidden\">\n<h6 class=\"uppercase\">2. De que forma gostaria que entr\u00e1ssemos em contato?<\/h6>\n<p><span class=\"wpcf7-form-control-wrap checkbox-forma-contato\"><span class=\"wpcf7-form-control wpcf7-checkbox\"><span class=\"wpcf7-list-item first\"><input type=\"checkbox\" name=\"checkbox-forma-contato[]\" value=\"Telefone\" \/><span class=\"wpcf7-list-item-label\">Telefone<\/span><\/span><span class=\"wpcf7-list-item\"><input type=\"checkbox\" name=\"checkbox-forma-contato[]\" value=\"E-mail\" \/><span class=\"wpcf7-list-item-label\">E-mail<\/span><\/span><span class=\"wpcf7-list-item last\"><input type=\"checkbox\" name=\"checkbox-forma-contato[]\" value=\"WhatsApp\" \/><span class=\"wpcf7-list-item-label\">WhatsApp<\/span><\/span><\/span><\/span><\/p>\n<hr>\n<\/div>\n<div class=\"overflow-hidden\">\n<h6 class=\"uppercase\">2. Em qual per\u00edodo \u00e9 melhor entramos em contato?<\/h6>\n<p><span class=\"wpcf7-form-control-wrap checkbox-periodo\"><span class=\"wpcf7-form-control wpcf7-checkbox\"><span class=\"wpcf7-list-item first\"><input type=\"checkbox\" name=\"checkbox-periodo[]\" value=\"Manh\u00e3\" \/><span class=\"wpcf7-list-item-label\">Manh\u00e3<\/span><\/span><span class=\"wpcf7-list-item\"><input type=\"checkbox\" name=\"checkbox-periodo[]\" value=\"Tarde\" \/><span class=\"wpcf7-list-item-label\">Tarde<\/span><\/span><span class=\"wpcf7-list-item last\"><input type=\"checkbox\" name=\"checkbox-periodo[]\" value=\"Noite\" \/><span class=\"wpcf7-list-item-label\">Noite<\/span><\/span><\/span><\/span><\/p>\n<hr>\n<\/div>\n<div class=\"overflow-hidden\">\n<h6 class=\"uppercase\">3. Alguns detalhes pessoais<\/h6>\n<div class=\"row\">\n<div class=\"col-md-6\">\n<span class=\"wpcf7-form-control-wrap text-nome\"><input type=\"text\" name=\"text-nome\" value=\"\" size=\"40\" class=\"wpcf7-form-control wpcf7-text\" aria-invalid=\"false\" placeholder=\"Nome\" \/><\/span>\n<\/div>\n<div class=\"col-md-6\">\n<span class=\"wpcf7-form-control-wrap text-empresa\"><input type=\"text\" name=\"text-empresa\" value=\"\" size=\"40\" class=\"wpcf7-form-control wpcf7-text\" aria-invalid=\"false\" placeholder=\"Empresa\" \/><\/span>\n<\/div>\n<div class=\"col-md-6\">\n<span class=\"wpcf7-form-control-wrap tel-telefone\"><input type=\"tel\" name=\"tel-telefone\" value=\"\" size=\"40\" class=\"wpcf7-form-control wpcf7-text wpcf7-tel wpcf7-validates-as-required wpcf7-validates-as-tel\" aria-required=\"true\" aria-invalid=\"false\" placeholder=\"Telefone\" \/><\/span>\n<\/div>\n<div class=\"col-md-6\">\n<span class=\"wpcf7-form-control-wrap email-993\"><input type=\"email\" name=\"email-993\" value=\"\" size=\"40\" class=\"wpcf7-form-control wpcf7-text wpcf7-email wpcf7-validates-as-email\" aria-invalid=\"false\" placeholder=\"E-mail\" \/><\/span>\n<\/div>\n<\/div>\n<p><span class=\"wpcf7-form-control-wrap textarea-mensagem\"><textarea name=\"textarea-mensagem\" cols=\"40\" rows=\"10\" class=\"wpcf7-form-control wpcf7-textarea\" aria-invalid=\"false\" placeholder=\"Sua mensagem\"><\/textarea><\/span><\/p>\n<hr>\n<\/div>\n<div class=\"overflow-hidden\">\n<div class=\"col-sm-6 col-sm-offset-3\">\n<h6 class=\"uppercase\">4. Como ficou sabendo de n\u00f3s?<\/h6>\n<p><span class=\"wpcf7-form-control-wrap menu-como-soube-de-nos\"><select name=\"menu-como-soube-de-nos\" class=\"wpcf7-form-control wpcf7-select\" aria-invalid=\"false\"><option value=\"Selecione uma op\u00e7\u00e3o\">Selecione uma op\u00e7\u00e3o<\/option><option value=\"Indica\u00e7\u00e3o\">Indica\u00e7\u00e3o<\/option><option value=\"Google\">Google<\/option><option value=\"E-mail Marketing\">E-mail Marketing<\/option><option value=\"Outros\">Outros<\/option><\/select><\/span><br \/>\n<input type=\"submit\" value=\"Enviar\" class=\"wpcf7-form-control wpcf7-submit\" \/>\n<\/p><\/div>\n<\/div>\n<\/div>\n<\/div>\n<div class=\"wpcf7-response-output wpcf7-display-none\"><\/div><\/form><\/div>[\/vc_column][vc_column width=&#8221;1\/12&#8243;][\/vc_column][\/vc_row]<\/p>\n","protected":false},"excerpt":{"rendered":"<p>[vc_row full_width=&#8221;stretch_row_content_no_spaces&#8221; foundry_padding=&#8221;pt0 pb0&#8243; el_id=&#8221;#contato&#8221;][vc_column css=&#8221;.vc_custom_1763401855554{margin-top: -20px !important;margin-bottom: -80px !important;}&#8221; offset=&#8221;vc_hidden-sm vc_hidden-xs&#8221;][\/vc_column][\/vc_row][vc_row full_width=&#8221;stretch_row_content_no_spaces&#8221; foundry_padding=&#8221;pt0 pb0&#8243;][vc_column css=&#8221;.vc_custom_1763401816769{margin-top: -20px !important;margin-bottom: -20px !important;}&#8221; offset=&#8221;vc_hidden-lg&#8230;<\/p>\n","protected":false},"author":2,"featured_media":1978,"parent":0,"menu_order":0,"comment_status":"closed","ping_status":"closed","template":"","meta":[],"_links":{"self":[{"href":"https:\/\/hashtagtv.com.br\/index.php?rest_route=\/wp\/v2\/pages\/1163"}],"collection":[{"href":"https:\/\/hashtagtv.com.br\/index.php?rest_route=\/wp\/v2\/pages"}],"about":[{"href":"https:\/\/hashtagtv.com.br\/index.php?rest_route=\/wp\/v2\/types\/page"}],"author":[{"embeddable":true,"href":"https:\/\/hashtagtv.com.br\/index.php?rest_route=\/wp\/v2\/users\/2"}],"replies":[{"embeddable":true,"href":"https:\/\/hashtagtv.com.br\/index.php?rest_route=%2Fwp%2Fv2%2Fcomments&post=1163"}],"version-history":[{"count":14,"href":"https:\/\/hashtagtv.com.br\/index.php?rest_route=\/wp\/v2\/pages\/1163\/revisions"}],"predecessor-version":[{"id":6270,"href":"https:\/\/hashtagtv.com.br\/index.php?rest_route=\/wp\/v2\/pages\/1163\/revisions\/6270"}],"wp:featuredmedia":[{"embeddable":true,"href":"https:\/\/hashtagtv.com.br\/index.php?rest_route=\/wp\/v2\/media\/1978"}],"wp:attachment":[{"href":"https:\/\/hashtagtv.com.br\/index.php?rest_route=%2Fwp%2Fv2%2Fmedia&parent=1163"}],"curies":[{"name":"wp","href":"https:\/\/api.w.org\/{rel}","templated":true}]}}